{"id":50,"date":"2023-05-30T16:43:51","date_gmt":"2023-05-30T16:43:51","guid":{"rendered":"https:\/\/rectificadora.pt\/?page_id=50"},"modified":"2023-08-17T12:56:46","modified_gmt":"2023-08-17T12:56:46","slug":"sobre","status":"publish","type":"page","link":"https:\/\/rectificadora.pt\/","title":{"rendered":"Servi\u00e7os"},"content":{"rendered":"\n<p class=\"has-text-align-left\"><strong><a href=\"https:\/\/rectificadora.pt\/index.php\/rectificacao\/\" data-type=\"URL\" data-id=\"https:\/\/rectificadora.pt\/index.php\/rectificacao-de-motores\/\">Sec\u00e7\u00e3o de Rectifica\u00e7\u00e3o<\/a><\/strong><br>. Facear e testar coletor de escape<br>. Rectificar v\u00e1lvulas<br>. Reparar bielas<br>. Vedar sedes e v\u00e1lvulas<br><strong>. Cabe\u00e7as do motor<\/strong><br>. Afinar<br>. Facear<br>. Testar <br>. Rectificar<br>. <strong>Blocos de motor<\/strong><br>. Encamisar<br>. Facear<br>. Despolir<br>. Polir cilindros<br>. Rectificar<br>. Rectificar em linha<br><strong>. Cambota<\/strong><br>. Rectificar<br>. Despolir<br><br><strong><a href=\"https:\/\/rectificadora.pt\/index.php\/tornos\" data-type=\"URL\" data-id=\"https:\/\/rectificadora.pt\/index.php\/tornos\">Sec\u00e7\u00e3o de Tornos<\/a><\/strong><br><strong><strong>. Fabrica\u00e7\u00e3o de pe\u00e7as em diversos tipos de material<\/strong><br><\/strong>A\u00e7o: Inox . Cromo . Carbono . Bronze . Alum\u00ednio . Lat\u00e3o . Nylon . Celeron<br>. Anilhas<br>. Boquilhas<br>. Cavilhas<br>. Casquilhos roscados<br>. Carretos<br>. Coroa<br>. Cremalheiras<br>. Parafusos<br>. Porcas<br>. Roletos<br>. Veios<br>. Execu\u00e7\u00e3o de cardan<strong><br>Jantes<\/strong><br>. Desemprenar<br>. Soldar<br>. Rectificar<br><strong>Rectifica<\/strong>r<br>. Rectificar Falanges<br>. Rectificar discos de trav\u00e3o<\/p>\n\n\n\n<p><strong><a href=\"https:\/\/rectificadora.pt\/index.php\/soldadura\/\" data-type=\"URL\" data-id=\"https:\/\/rectificadora.pt\/index.php\/soldadura\/\">Soldadura<\/a><\/strong><br><strong><strong>. Diversos tipos de materiais<\/strong><\/strong><br>A\u00e7o: Inox . Cromo . Carbono . Bronze . Alum\u00ednio . Lat\u00e3o . Prata<\/p>\n","protected":false},"excerpt":{"rendered":"<p>Sec\u00e7\u00e3o de Rectifica\u00e7\u00e3o. Facear e testar coletor de escape. Rectificar v\u00e1lvulas. Reparar bielas. Vedar sedes e v\u00e1lvulas. Cabe\u00e7as do motor. Afinar. Facear. Testar . Rectificar. Blocos de motor. Encamisar. Facear. Despolir. Polir cilindros. Rectificar. Rectificar em linha. Cambota. Rectificar. Despolir Sec\u00e7\u00e3o de Tornos. Fabrica\u00e7\u00e3o de pe\u00e7as em diversos tipos de materialA\u00e7o: Inox . Cromo . &hellip; <\/p>\n<p class=\"link-more\"><a href=\"https:\/\/rectificadora.pt\/\" class=\"more-link\">Continuar a ler <span class=\"screen-reader-text\">&#8220;Servi\u00e7os&#8221;<\/span><\/a><\/p>\n","protected":false},"author":1,"featured_media":303,"parent":0,"menu_order":0,"comment_status":"closed","ping_status":"closed","template":"","meta":{"footnotes":""},"class_list":["post-50","page","type-page","status-publish","has-post-thumbnail","hentry"],"_links":{"self":[{"href":"https:\/\/rectificadora.pt\/index.php\/wp-json\/wp\/v2\/pages\/50","targetHints":{"allow":["GET"]}}],"collection":[{"href":"https:\/\/rectificadora.pt\/index.php\/wp-json\/wp\/v2\/pages"}],"about":[{"href":"https:\/\/rectificadora.pt\/index.php\/wp-json\/wp\/v2\/types\/page"}],"author":[{"embeddable":true,"href":"https:\/\/rectificadora.pt\/index.php\/wp-json\/wp\/v2\/users\/1"}],"replies":[{"embeddable":true,"href":"https:\/\/rectificadora.pt\/index.php\/wp-json\/wp\/v2\/comments?post=50"}],"version-history":[{"count":34,"href":"https:\/\/rectificadora.pt\/index.php\/wp-json\/wp\/v2\/pages\/50\/revisions"}],"predecessor-version":[{"id":394,"href":"https:\/\/rectificadora.pt\/index.php\/wp-json\/wp\/v2\/pages\/50\/revisions\/394"}],"wp:featuredmedia":[{"embeddable":true,"href":"https:\/\/rectificadora.pt\/index.php\/wp-json\/wp\/v2\/media\/303"}],"wp:attachment":[{"href":"https:\/\/rectificadora.pt\/index.php\/wp-json\/wp\/v2\/media?parent=50"}],"curies":[{"name":"wp","href":"https:\/\/api.w.org\/{rel}","templated":true}]}}